{"id":49524,"date":"2026-05-06T10:03:22","date_gmt":"2026-05-06T10:03:22","guid":{"rendered":"https:\/\/4prosite.wepdevs.com\/?product=electric-crepes-machine-1x-o-400-mm"},"modified":"2026-05-06T10:03:23","modified_gmt":"2026-05-06T10:03:23","slug":"electric-crepes-machine-1x-o-400-mm","status":"publish","type":"product","link":"https:\/\/4prosite.wepdevs.com\/?product=electric-crepes-machine-1x-o-400-mm","title":{"rendered":"Electric cr\u00eapes machine, 1x \u00f8 400 mm"},"content":{"rendered":"<h3>Electric cr\u00eapes machine, 1x \u00f8 400 mm<\/h3>\n<ul>\n<li><strong>SKU:<\/strong> 2231X<\/li>\n<li><strong>Delivery time:<\/strong>  days<\/li>\n<li><strong>Stock:<\/strong> On order<\/li>\n<li><strong>Catalogue:<\/strong> Mastro Cook&#038;Snack<\/li>\n<\/ul>\n","protected":false},"excerpt":{"rendered":"<p>Electric cr\u00eapes machine, 1x \u00f8 400 mm | Delivery:  days<\/p>\n","protected":false},"featured_media":40010,"comment_status":"open","ping_status":"closed","template":"","meta":[],"product_brand":[],"product_cat":[2854],"product_tag":[],"class_list":{"0":"post-49524","1":"product","2":"type-product","3":"status-publish","4":"has-post-thumbnail","6":"product_cat-mastro-cooksnack","8":"first","9":"instock","10":"shipping-taxable","11":"purchasable","12":"product-type-simple"},"_links":{"self":[{"href":"https:\/\/4prosite.wepdevs.com\/index.php?rest_route=\/wp\/v2\/product\/49524","targetHints":{"allow":["GET"]}}],"collection":[{"href":"https:\/\/4prosite.wepdevs.com\/index.php?rest_route=\/wp\/v2\/product"}],"about":[{"href":"https:\/\/4prosite.wepdevs.com\/index.php?rest_route=\/wp\/v2\/types\/product"}],"replies":[{"embeddable":true,"href":"https:\/\/4prosite.wepdevs.com\/index.php?rest_route=%2Fwp%2Fv2%2Fcomments&post=49524"}],"version-history":[{"count":0,"href":"https:\/\/4prosite.wepdevs.com\/index.php?rest_route=\/wp\/v2\/product\/49524\/revisions"}],"wp:featuredmedia":[{"embeddable":true,"href":"https:\/\/4prosite.wepdevs.com\/index.php?rest_route=\/wp\/v2\/media\/40010"}],"wp:attachment":[{"href":"https:\/\/4prosite.wepdevs.com\/index.php?rest_route=%2Fwp%2Fv2%2Fmedia&parent=49524"}],"wp:term":[{"taxonomy":"product_brand","embeddable":true,"href":"https:\/\/4prosite.wepdevs.com\/index.php?rest_route=%2Fwp%2Fv2%2Fproduct_brand&post=49524"},{"taxonomy":"product_cat","embeddable":true,"href":"https:\/\/4prosite.wepdevs.com\/index.php?rest_route=%2Fwp%2Fv2%2Fproduct_cat&post=49524"},{"taxonomy":"product_tag","embeddable":true,"href":"https:\/\/4prosite.wepdevs.com\/index.php?rest_route=%2Fwp%2Fv2%2Fproduct_tag&post=49524"}],"curies":[{"name":"wp","href":"https:\/\/api.w.org\/{rel}","templated":true}]}}