{"id":49528,"date":"2026-05-06T10:03:25","date_gmt":"2026-05-06T10:03:25","guid":{"rendered":"https:\/\/4prosite.wepdevs.com\/?product=gas-crepes-machine-1x-o-350-mm"},"modified":"2026-05-06T10:03:26","modified_gmt":"2026-05-06T10:03:26","slug":"gas-crepes-machine-1x-o-350-mm","status":"publish","type":"product","link":"https:\/\/4prosite.wepdevs.com\/?product=gas-crepes-machine-1x-o-350-mm","title":{"rendered":"Gas cr\u00eapes machine, 1x \u00f8 350 mm"},"content":{"rendered":"<h3>Gas cr\u00eapes machine, 1x \u00f8 350 mm<\/h3>\n<ul>\n<li><strong>SKU:<\/strong> 2230GE<\/li>\n<li><strong>Delivery time:<\/strong>  days<\/li>\n<li><strong>Stock:<\/strong> On order<\/li>\n<li><strong>Catalogue:<\/strong> RESTPOSTEN<\/li>\n<\/ul>\n","protected":false},"excerpt":{"rendered":"<p>Gas cr\u00eapes machine, 1x \u00f8 350 mm | Delivery:  days<\/p>\n","protected":false},"featured_media":40008,"comment_status":"open","ping_status":"closed","template":"","meta":[],"product_brand":[],"product_cat":[2853],"product_tag":[],"class_list":{"0":"post-49528","1":"product","2":"type-product","3":"status-publish","4":"has-post-thumbnail","6":"product_cat-restposten","8":"first","9":"instock","10":"shipping-taxable","11":"purchasable","12":"product-type-simple"},"_links":{"self":[{"href":"https:\/\/4prosite.wepdevs.com\/index.php?rest_route=\/wp\/v2\/product\/49528","targetHints":{"allow":["GET"]}}],"collection":[{"href":"https:\/\/4prosite.wepdevs.com\/index.php?rest_route=\/wp\/v2\/product"}],"about":[{"href":"https:\/\/4prosite.wepdevs.com\/index.php?rest_route=\/wp\/v2\/types\/product"}],"replies":[{"embeddable":true,"href":"https:\/\/4prosite.wepdevs.com\/index.php?rest_route=%2Fwp%2Fv2%2Fcomments&post=49528"}],"version-history":[{"count":0,"href":"https:\/\/4prosite.wepdevs.com\/index.php?rest_route=\/wp\/v2\/product\/49528\/revisions"}],"wp:featuredmedia":[{"embeddable":true,"href":"https:\/\/4prosite.wepdevs.com\/index.php?rest_route=\/wp\/v2\/media\/40008"}],"wp:attachment":[{"href":"https:\/\/4prosite.wepdevs.com\/index.php?rest_route=%2Fwp%2Fv2%2Fmedia&parent=49528"}],"wp:term":[{"taxonomy":"product_brand","embeddable":true,"href":"https:\/\/4prosite.wepdevs.com\/index.php?rest_route=%2Fwp%2Fv2%2Fproduct_brand&post=49528"},{"taxonomy":"product_cat","embeddable":true,"href":"https:\/\/4prosite.wepdevs.com\/index.php?rest_route=%2Fwp%2Fv2%2Fproduct_cat&post=49528"},{"taxonomy":"product_tag","embeddable":true,"href":"https:\/\/4prosite.wepdevs.com\/index.php?rest_route=%2Fwp%2Fv2%2Fproduct_tag&post=49528"}],"curies":[{"name":"wp","href":"https:\/\/api.w.org\/{rel}","templated":true}]}}